{"id":1686,"date":"2018-05-02T17:22:40","date_gmt":"2018-05-02T17:22:40","guid":{"rendered":"https:\/\/staging.opsobjects.com\/?page_id=1686"},"modified":"2020-12-01T17:39:09","modified_gmt":"2020-12-01T16:39:09","slug":"campagne-adv","status":"publish","type":"page","link":"https:\/\/opsobjects.com\/en\/campagne-adv\/","title":{"rendered":"Campagne ADV"},"content":{"rendered":"<p>Nella nuova campagna adv di Opsobjects i gioielli esaltano i canoni di bellezza attraverso il volto della modella Beatrice Brusco ed esprimono, nelle diverse collezioni, uno splendore mai scontato in cui la cura dei dettagli e la ricerca sui materiali diventano immediatamente tendenza. La bellezza eclettica, spontanea e sofisticata dei preziosi Opsobjects si confronta con quella classica, densa ed eterna di Napoli, in una sinfonia neoclassica che intreccia intensit\u00e0 e leggerezza, tradizione e fashion. Napoli \u00e8 donna, passione e spontaneit\u00e0, \u00e8 vita e charme. Queste sono le caratteristiche che hanno spinto Opsobjects a scegliere la citt\u00e0 come set della propria campagna: lo stesso mix perfetto da cui nascono anche le collezioni del brand che scendono per la prima volta in strada per immergersi nella bellezza polifonica di Napoli, come in uno straordinario film.<\/p>\n","protected":false},"excerpt":{"rendered":"<p>Nella nuova campagna adv di Opsobjects i gioielli esaltano i canoni di bellezza attraverso il volto della modella Beatrice Brusco ed esprimono, nelle diverse collezioni, uno splendore mai scontato in cui la cura dei dettagli e la ricerca sui materiali diventano immediatamente tendenza. La bellezza eclettica, spontanea e sofisticata dei preziosi Opsobjects si confronta con [&hellip;]<\/p>\n","protected":false},"author":35739,"featured_media":1687,"parent":0,"menu_order":0,"comment_status":"closed","ping_status":"closed","template":"page-adv.php","meta":{"footnotes":""},"class_list":["post-1686","page","type-page","status-publish","has-post-thumbnail","hentry"],"meta_box":{"image_bg":[],"slides":[],"block_4":[],"block_5":[],"block_6":[],"block_1":[],"block_2":[],"downloadapp_it":"","downloadapp_en":"","downloadapp_link_appstore":"","downloadapp_link_playstore":"","downloadapp_link_appstore_pure":"","downloadapp_link_playstore_pure":"","downloadapp2_it":"","downloadapp2_en":"","image_appstore":[],"image_playstore":[],"image_hand":[],"block_3":[],"image_final":[],"image_final2":[],"image_final3":[],"image_final4":[],"buttons_end":[],"faq_t_it":"","faq_t_en":"","faq":[]},"_links":{"self":[{"href":"https:\/\/opsobjects.com\/en\/wp-json\/wp\/v2\/pages\/1686","targetHints":{"allow":["GET"]}}],"collection":[{"href":"https:\/\/opsobjects.com\/en\/wp-json\/wp\/v2\/pages"}],"about":[{"href":"https:\/\/opsobjects.com\/en\/wp-json\/wp\/v2\/types\/page"}],"author":[{"embeddable":true,"href":"https:\/\/opsobjects.com\/en\/wp-json\/wp\/v2\/users\/35739"}],"replies":[{"embeddable":true,"href":"https:\/\/opsobjects.com\/en\/wp-json\/wp\/v2\/comments?post=1686"}],"version-history":[{"count":2,"href":"https:\/\/opsobjects.com\/en\/wp-json\/wp\/v2\/pages\/1686\/revisions"}],"predecessor-version":[{"id":62630,"href":"https:\/\/opsobjects.com\/en\/wp-json\/wp\/v2\/pages\/1686\/revisions\/62630"}],"wp:featuredmedia":[{"embeddable":true,"href":"https:\/\/opsobjects.com\/en\/wp-json\/wp\/v2\/media\/1687"}],"wp:attachment":[{"href":"https:\/\/opsobjects.com\/en\/wp-json\/wp\/v2\/media?parent=1686"}],"curies":[{"name":"wp","href":"https:\/\/api.w.org\/{rel}","templated":true}]}}